{"id":1957,"date":"2023-11-29T16:07:15","date_gmt":"2023-11-29T14:07:15","guid":{"rendered":"https:\/\/konvel.cz\/?page_id=1957"},"modified":"2023-11-30T15:04:34","modified_gmt":"2023-11-30T13:04:34","slug":"inovace-a-servis","status":"publish","type":"page","link":"https:\/\/konvel.cz\/de\/inovace-a-servis\/","title":{"rendered":"Inovace a servis elektrick\u00fdch za\u0159\u00edzen\u00ed a stroj\u016f"},"content":{"rendered":"<p><\/p>\n<p>&nbsp;<\/p>\n<p><\/p>","protected":false},"excerpt":{"rendered":"<p>&nbsp;<\/p>\n","protected":false},"author":6,"featured_media":0,"parent":0,"menu_order":0,"comment_status":"closed","ping_status":"closed","template":"template-fullwidth.php","meta":{"_acf_changed":false,"footnotes":""},"acf":[],"yoast_head":"<!-- This site is optimized with the Yoast SEO plugin v23.5 - https:\/\/yoast.com\/wordpress\/plugins\/seo\/ -->\n<title><\/title>\n<meta name=\"robots\" content=\"index, follow, max-snippet:-1, max-image-preview:large, max-video-preview:-1\" \/>\n<link rel=\"canonical\" href=\"https:\/\/konvel.cz\/inovace-a-servis\/\" \/>\n<meta property=\"og:locale\" content=\"de_DE\" \/>\n<meta property=\"og:type\" content=\"article\" \/>\n<meta property=\"og:title\" content=\"[:cs]Inovace a servis elektrick\u00fdch za\u0159\u00edzen\u00ed a stroj\u016f[:en]Electrical Equipment and Machine Modernization and Maintenance[:] - Konvel\" \/>\n<meta property=\"og:description\" content=\"&nbsp;\" \/>\n<meta property=\"og:url\" content=\"https:\/\/konvel.cz\/inovace-a-servis\/\" \/>\n<meta property=\"og:site_name\" content=\"Konvel\" \/>\n<meta property=\"article:modified_time\" content=\"2023-11-30T13:04:34+00:00\" \/>\n<meta name=\"twitter:card\" content=\"summary_large_image\" \/>\n<meta name=\"twitter:label1\" content=\"Gesch\u00e4tzte Lesezeit\" \/>\n\t<meta name=\"twitter:data1\" content=\"3\u00a0Minuten\" \/>\n<script type=\"application\/ld+json\" class=\"yoast-schema-graph\">{\"@context\":\"https:\/\/schema.org\",\"@graph\":[{\"@type\":\"WebPage\",\"@id\":\"https:\/\/konvel.cz\/inovace-a-servis\/\",\"url\":\"https:\/\/konvel.cz\/inovace-a-servis\/\",\"name\":\"[:cs]Inovace a servis elektrick\u00fdch za\u0159\u00edzen\u00ed a stroj\u016f[:en]Electrical Equipment and Machine Modernization and Maintenance[:] - Konvel\",\"isPartOf\":{\"@id\":\"https:\/\/konvel.cz\/#website\"},\"datePublished\":\"2023-11-29T14:07:15+00:00\",\"dateModified\":\"2023-11-30T13:04:34+00:00\",\"breadcrumb\":{\"@id\":\"https:\/\/konvel.cz\/inovace-a-servis\/#breadcrumb\"},\"inLanguage\":\"de\",\"potentialAction\":[{\"@type\":\"ReadAction\",\"target\":[\"https:\/\/konvel.cz\/inovace-a-servis\/\"]}]},{\"@type\":\"BreadcrumbList\",\"@id\":\"https:\/\/konvel.cz\/inovace-a-servis\/#breadcrumb\",\"itemListElement\":[{\"@type\":\"ListItem\",\"position\":1,\"name\":\"Home\",\"item\":\"https:\/\/konvel.cz\/\"},{\"@type\":\"ListItem\",\"position\":2,\"name\":\"Electrical Equipment and Machine Modernization and Maintenance\"}]},{\"@type\":\"WebSite\",\"@id\":\"https:\/\/konvel.cz\/#website\",\"url\":\"https:\/\/konvel.cz\/\",\"name\":\"Konvel\",\"description\":\"Jsme dynamick\u00e1 a neust\u00e1le se rozv\u00edjej\u00edc\u00ed v\u00fdvojov\u00e1 a v\u00fdrobn\u00ed rodinn\u00e1 firma s bohatou histori\u00ed v oblasti elektroniky a automatizace.\",\"publisher\":{\"@id\":\"https:\/\/konvel.cz\/#organization\"},\"potentialAction\":[{\"@type\":\"SearchAction\",\"target\":{\"@type\":\"EntryPoint\",\"urlTemplate\":\"https:\/\/konvel.cz\/?s={search_term_string}\"},\"query-input\":{\"@type\":\"PropertyValueSpecification\",\"valueRequired\":true,\"valueName\":\"search_term_string\"}}],\"inLanguage\":\"de\"},{\"@type\":\"Organization\",\"@id\":\"https:\/\/konvel.cz\/#organization\",\"name\":\"Ing. Petr Konvicny\",\"alternateName\":\"Konvel\",\"url\":\"https:\/\/konvel.cz\/\",\"logo\":{\"@type\":\"ImageObject\",\"inLanguage\":\"de\",\"@id\":\"https:\/\/konvel.cz\/#\/schema\/logo\/image\/\",\"url\":\"https:\/\/konvel.cz\/wp-content\/uploads\/2023\/06\/logo_1.png\",\"contentUrl\":\"https:\/\/konvel.cz\/wp-content\/uploads\/2023\/06\/logo_1.png\",\"width\":157,\"height\":60,\"caption\":\"Ing. Petr Konvicny\"},\"image\":{\"@id\":\"https:\/\/konvel.cz\/#\/schema\/logo\/image\/\"}}]}<\/script>\n<!-- \/ Yoast SEO plugin. -->","yoast_head_json":{"title":"[:cs]Inovace a servis elektrick\u00fdch za\u0159\u00edzen\u00ed a stroj\u016f[:en]Electrical Equipment and Machine Modernization and Maintenance[:] - Konvel","robots":{"index":"index","follow":"follow","max-snippet":"max-snippet:-1","max-image-preview":"max-image-preview:large","max-video-preview":"max-video-preview:-1"},"canonical":"https:\/\/konvel.cz\/inovace-a-servis\/","og_locale":"de_DE","og_type":"article","og_title":"[:cs]Inovace a servis elektrick\u00fdch za\u0159\u00edzen\u00ed a stroj\u016f[:en]Electrical Equipment and Machine Modernization and Maintenance[:] - Konvel","og_description":"&nbsp;","og_url":"https:\/\/konvel.cz\/inovace-a-servis\/","og_site_name":"Konvel","article_modified_time":"2023-11-30T13:04:34+00:00","twitter_card":"summary_large_image","twitter_misc":{"Gesch\u00e4tzte Lesezeit":"3\u00a0Minuten"},"schema":{"@context":"https:\/\/schema.org","@graph":[{"@type":"WebPage","@id":"https:\/\/konvel.cz\/inovace-a-servis\/","url":"https:\/\/konvel.cz\/inovace-a-servis\/","name":"[:cs]Inovace a servis elektrick\u00fdch za\u0159\u00edzen\u00ed a stroj\u016f[:en]Electrical Equipment and Machine Modernization and Maintenance[:] - Konvel","isPartOf":{"@id":"https:\/\/konvel.cz\/#website"},"datePublished":"2023-11-29T14:07:15+00:00","dateModified":"2023-11-30T13:04:34+00:00","breadcrumb":{"@id":"https:\/\/konvel.cz\/inovace-a-servis\/#breadcrumb"},"inLanguage":"de","potentialAction":[{"@type":"ReadAction","target":["https:\/\/konvel.cz\/inovace-a-servis\/"]}]},{"@type":"BreadcrumbList","@id":"https:\/\/konvel.cz\/inovace-a-servis\/#breadcrumb","itemListElement":[{"@type":"ListItem","position":1,"name":"Home","item":"https:\/\/konvel.cz\/"},{"@type":"ListItem","position":2,"name":"Electrical Equipment and Machine Modernization and Maintenance"}]},{"@type":"WebSite","@id":"https:\/\/konvel.cz\/#website","url":"https:\/\/konvel.cz\/","name":"Konvel","description":"Jsme dynamick\u00e1 a neust\u00e1le se rozv\u00edjej\u00edc\u00ed v\u00fdvojov\u00e1 a v\u00fdrobn\u00ed rodinn\u00e1 firma s bohatou histori\u00ed v oblasti elektroniky a automatizace.","publisher":{"@id":"https:\/\/konvel.cz\/#organization"},"potentialAction":[{"@type":"SearchAction","target":{"@type":"EntryPoint","urlTemplate":"https:\/\/konvel.cz\/?s={search_term_string}"},"query-input":{"@type":"PropertyValueSpecification","valueRequired":true,"valueName":"search_term_string"}}],"inLanguage":"de"},{"@type":"Organization","@id":"https:\/\/konvel.cz\/#organization","name":"Ing. Petr Konvicny","alternateName":"Konvel","url":"https:\/\/konvel.cz\/","logo":{"@type":"ImageObject","inLanguage":"de","@id":"https:\/\/konvel.cz\/#\/schema\/logo\/image\/","url":"https:\/\/konvel.cz\/wp-content\/uploads\/2023\/06\/logo_1.png","contentUrl":"https:\/\/konvel.cz\/wp-content\/uploads\/2023\/06\/logo_1.png","width":157,"height":60,"caption":"Ing. Petr Konvicny"},"image":{"@id":"https:\/\/konvel.cz\/#\/schema\/logo\/image\/"}}]}},"_links":{"self":[{"href":"https:\/\/konvel.cz\/de\/wp-json\/wp\/v2\/pages\/1957"}],"collection":[{"href":"https:\/\/konvel.cz\/de\/wp-json\/wp\/v2\/pages"}],"about":[{"href":"https:\/\/konvel.cz\/de\/wp-json\/wp\/v2\/types\/page"}],"author":[{"embeddable":true,"href":"https:\/\/konvel.cz\/de\/wp-json\/wp\/v2\/users\/6"}],"replies":[{"embeddable":true,"href":"https:\/\/konvel.cz\/de\/wp-json\/wp\/v2\/comments?post=1957"}],"version-history":[{"count":2,"href":"https:\/\/konvel.cz\/de\/wp-json\/wp\/v2\/pages\/1957\/revisions"}],"predecessor-version":[{"id":1960,"href":"https:\/\/konvel.cz\/de\/wp-json\/wp\/v2\/pages\/1957\/revisions\/1960"}],"wp:attachment":[{"href":"https:\/\/konvel.cz\/de\/wp-json\/wp\/v2\/media?parent=1957"}],"curies":[{"name":"wp","href":"https:\/\/api.w.org\/{rel}","templated":true}]}}